{"id":274,"date":"2024-07-29T19:37:28","date_gmt":"2024-07-29T19:37:28","guid":{"rendered":"https:\/\/lsf.sojistudio.com\/?page_id=274"},"modified":"2024-07-29T19:46:19","modified_gmt":"2024-07-29T19:46:19","slug":"ana-sayfa","status":"publish","type":"page","link":"https:\/\/lsf.sojistudio.com\/","title":{"rendered":"Ana Sayfa"},"content":{"rendered":"<section class=\"bde-section-274-100 bde-section\">\n              \n  \n\t\n\n  <div class=\"section-background-overlay\"><\/div>\n\n\n<div class=\"section-container\"><h1 class=\"bde-heading-274-101 bde-heading\">\nUzmanl\u0131k ve Yenilikle Gelece\u011fi \u0130n\u015fa Etmek!\n<\/h1><div class=\"bde-text-274-102 bde-text\">\nDescubra a ess\u00eancia da inova\u00e7\u00e3o na constru\u00e7\u00e3o com a Lusosuaz Factory. Oferecemos uma ampla gama de servi\u00e7os que transformam o cen\u00e1rio da constru\u00e7\u00e3o, desde o desenvolvimento meticuloso de projetos at\u00e9 \u00e0 instala\u00e7\u00e3o impec\u00e1vel de estruturas e solu\u00e7\u00f5es interiores.\n<\/div><div class=\"bde-button-274-103 bde-button\">\n    \n                                    \n    \n    \n    \n    \n            \n                    \n            \n            \n\n    \n    \n    \n    \n    \n    <a class=\"breakdance-link button-atom button-atom--secondary bde-button__button\" href=\"\/\" target=\"_self\" data-type=\"url\"  >\n\n    \n        <span class=\"button-atom__text\">Descubra Mais<\/span>\n\n        \n        \n                <\/a>\n\n    \n\n\n<\/div><\/div>\n<\/section><section class=\"bde-section-274-104 bde-section\">\n  \n\t\n\n\n\n<div class=\"section-container\"><div class=\"bde-simple-counter-274-105 bde-simple-counter\">\n<div class=\"bde-simple-counter__wrapper\">\n  <p class=\"bde-simple-counter__number bde-h6\">\n    <span class=\"bde-simple-counter__prefix\"><\/span>\n    <span class=\"bde-simple-counter__digit js-digit\"><\/span>\n    <span class=\"bde-simple-counter__suffix\">+<\/span>\n  <\/p>\n    \t<div class=\"bde-simple-counter__title\" >projetos desenvolvidos<\/div>\n  <\/div>\n\n<\/div><div class=\"bde-simple-counter-274-106 bde-simple-counter\">\n<div class=\"bde-simple-counter__wrapper\">\n  <p class=\"bde-simple-counter__number bde-h6\">\n    <span class=\"bde-simple-counter__prefix\"><\/span>\n    <span class=\"bde-simple-counter__digit js-digit\"><\/span>\n    <span class=\"bde-simple-counter__suffix\">%<\/span>\n  <\/p>\n    \t<div class=\"bde-simple-counter__title\" >tempo de constru\u00e7\u00e3o<\/div>\n  <\/div>\n\n<\/div><div class=\"bde-simple-counter-274-107 bde-simple-counter\">\n<div class=\"bde-simple-counter__wrapper\">\n  <p class=\"bde-simple-counter__number bde-h6\">\n    <span class=\"bde-simple-counter__prefix\"><\/span>\n    <span class=\"bde-simple-counter__digit js-digit\"><\/span>\n    <span class=\"bde-simple-counter__suffix\">%<\/span>\n  <\/p>\n    \t<div class=\"bde-simple-counter__title\" >satisfa\u00e7\u00e3o<\/div>\n  <\/div>\n\n<\/div><\/div>\n<\/section><section class=\"bde-section-274-108 bde-section\">\n  \n\t\n\n\n\n<div class=\"section-container\"><div class=\"bde-div-274-109 bde-div\">\n  \n\t\n\n\n\n<div class=\"bde-div-274-110 bde-div\">\n  \n\t\n\n\n\n<div class=\"bde-text-274-111 bde-text\">\nO que fazemos\n<\/div><h1 class=\"bde-heading-274-112 bde-heading\">\nOferecemos servi\u00e7os que transformam o cen\u00e1rio da constru\u00e7\u00e3o, desde o desenvolvimento de projetos at\u00e9 \u00e0 instala\u00e7\u00e3o de estruturas e interiores.\n<\/h1>\n<\/div><div class=\"bde-button-274-113 bde-button\">\n    \n                                    \n    \n    \n    \n    \n            \n                    \n            \n            \n\n    \n    \n    \n    \n    \n    <a class=\"breakdance-link button-atom button-atom--primary bde-button__button\" href=\"\/sobre-nos\/\" target=\"_self\" data-type=\"url\"  >\n\n    \n        <span class=\"button-atom__text\">Descubra mais<\/span>\n\n        \n        \n                <\/a>\n\n    \n\n\n<\/div>\n<\/div><div class=\"bde-image-274-114 bde-image\">\n<figure class=\"breakdance-image breakdance-image--23\">\n\t<div class=\"breakdance-image-container\">\n\t\t<div class=\"breakdance-image-clip\"><img loading=\"lazy\" decoding=\"async\" class=\"breakdance-image-object\" src=\"https:\/\/lsf.sojistudio.com\/wp-content\/uploads\/2024\/06\/second-scaled.jpeg\" width=\"2560\" height=\"1707\" srcset=\"https:\/\/lsf.sojistudio.com\/wp-content\/uploads\/2024\/06\/second-scaled.jpeg 2560w, https:\/\/lsf.sojistudio.com\/wp-content\/uploads\/2024\/06\/second-300x200.jpeg 300w, https:\/\/lsf.sojistudio.com\/wp-content\/uploads\/2024\/06\/second-1024x683.jpeg 1024w, https:\/\/lsf.sojistudio.com\/wp-content\/uploads\/2024\/06\/second-768x512.jpeg 768w, https:\/\/lsf.sojistudio.com\/wp-content\/uploads\/2024\/06\/second-1536x1024.jpeg 1536w, https:\/\/lsf.sojistudio.com\/wp-content\/uploads\/2024\/06\/second-2048x1365.jpeg 2048w\" sizes=\"(max-width: 2560px) 100vw, 2560px\"><\/div>\n\t<\/div><\/figure>\n\n<\/div><div class=\"bde-columns-274-115 bde-columns\"><div class=\"bde-column-274-116 bde-column\">\n  \n\t\n\n\n\n<div class=\"bde-text-274-117 bde-text\">\nConstru\u00e7\u00f5es\n<\/div><div class=\"bde-simple-counter-274-118 bde-simple-counter\">\n<div class=\"bde-simple-counter__wrapper\">\n  <p class=\"bde-simple-counter__number bde-h6\">\n    <span class=\"bde-simple-counter__prefix\"><\/span>\n    <span class=\"bde-simple-counter__digit js-digit\"><\/span>\n    <span class=\"bde-simple-counter__suffix\">+<\/span>\n  <\/p>\n  <\/div>\n\n<\/div><div class=\"bde-text-274-119 bde-text\">\nH\u00e1 mais de Oferecemos constru\u00e7\u00f5es de qualidade e inovadoras para transformar espa\u00e7os.\n<\/div>\n<\/div><div class=\"bde-column-274-120 bde-column\">\n  \n\t\n\n\n\n<div class=\"bde-text-274-121 bde-text\">\nRemodela\u00e7\u00f5es\n<\/div><div class=\"bde-simple-counter-274-122 bde-simple-counter\">\n<div class=\"bde-simple-counter__wrapper\">\n  <p class=\"bde-simple-counter__number bde-h6\">\n    <span class=\"bde-simple-counter__prefix\"><\/span>\n    <span class=\"bde-simple-counter__digit js-digit\"><\/span>\n    <span class=\"bde-simple-counter__suffix\">+<\/span>\n  <\/p>\n  <\/div>\n\n<\/div><div class=\"bde-text-274-123 bde-text\">\nRealizamos remodela\u00e7\u00f5es que modernizam e valorizam qualquer ambiente.\n<\/div>\n<\/div><\/div><\/div>\n<\/section><section class=\"bde-section-274-124 bde-section\">\n  \n\t\n\n\n\n<div class=\"section-container\"><div class=\"bde-div-274-125 bde-div\">\n  \n\t\n\n\n\n<div class=\"bde-div-274-126 bde-div\">\n  \n\t\n\n\n\n<div class=\"bde-text-274-127 bde-text\">\nO que oferecemos\n<\/div><h1 class=\"bde-heading-274-128 bde-heading\">\nServi\u00e7os em que a Lusosuaz Factory se destaca\n<\/h1>\n<\/div><div class=\"bde-button-274-129 bde-button\">\n    \n                                    \n    \n    \n    \n    \n            \n                    \n            \n            \n\n    \n    \n    \n    \n    \n    <a class=\"breakdance-link button-atom button-atom--primary bde-button__button\" href=\"\/servicos\/\" target=\"_self\" data-type=\"url\"  >\n\n    \n        <span class=\"button-atom__text\">conhe\u00e7a mais<\/span>\n\n        \n        \n                <\/a>\n\n    \n\n\n<\/div><div class=\"bde-post-list-274-130 bde-post-list\">\n<div class=\"ee-posts ee-posts-grid\"><\/div>\n<\/div>\n<\/div><div class=\"bde-advancedslider-274-131 bde-advancedslider\">\n<div class=\"breakdance-swiper-wrapper\" data-swiper-id=\"131\">\n  <div class=\"swiper\">\n    <div class=\"swiper-wrapper\">\n      <div class=\"bde-advancedslide-274-132 bde-advancedslide swiper-slide\">\n<div class=\"advanced-slider__slide\">\n  <div class=\"bde-simple-testimonial-274-133 bde-simple-testimonial\">\n\n\n\n    \n        \n    <div class='simple-testimonial__image-outer-wrapper simple-testimonial__standard-image'>\n                    <div class='simple-testimonial__image-inner-wrapper'>\n                <img loading=\"lazy\" decoding=\"async\" class=\"breakdance-image-object\" src=\"https:\/\/breakdancelibrary.com\/agventure\/wp-content\/uploads\/sites\/48\/2023\/06\/testimonial1_agventure.png\" width=\"100\" height=\"99\" sizes=\"(max-width: 100px) 100vw, 100px\">\n            <\/div>\n            <\/div>\n\n\n\n    <div class='simple-testimonial__quote'>\n        <blockquote >\n            Sagittis tellus amet duis odio et eget mattis adipiscing vestibulum. Nunc et rhoncus ullamcorper purus orci arcu. Tellus pretium risus blandit a vitae. Iaculis massa aliquet.\n        <\/blockquote>\n\n        \n            \n            \n            \n            \n                                <svg class='simple-testimonial__quote-mark left-icon' xmlns=\"http:\/\/www.w3.org\/2000\/svg\" viewBox=\"0 0 200 200\">\n        <path d=\"M198 12h-71.794v85.606L168.527 187l27.206-13.636-37.031-89.394H198V12ZM71.794 12H0v85.606L42.32 187l27.962-13.636L32.496 83.97h39.298V12Z\" fill=\"currentColor\"\/>\n    <\/svg>\n    <svg class='simple-testimonial__quote-mark right-icon' xmlns=\"http:\/\/www.w3.org\/2000\/svg\" viewBox=\"0 0 200 200\">\n        <path d=\"M198 12h-71.794v85.606L168.527 187l27.206-13.636-37.031-89.394H198V12ZM71.794 12H0v85.606L42.32 187l27.962-13.636L32.496 83.97h39.298V12Z\" fill=\"currentColor\"\/>\n    <\/svg>\n\n            \n        \n    <\/div>\n\n\n    <div class='simple-testimonial__author' >\n        Joana Ribeiro | CEO\n    <\/div>\n\n\n\n\n<\/div>\n<\/div>\n<\/div><div class=\"bde-advancedslide-274-134 bde-advancedslide swiper-slide\">\n<div class=\"advanced-slider__slide\">\n  <div class=\"bde-simple-testimonial-274-135 bde-simple-testimonial\">\n\n\n\n    \n        \n    <div class='simple-testimonial__image-outer-wrapper simple-testimonial__standard-image'>\n                    <div class='simple-testimonial__image-inner-wrapper'>\n                <img loading=\"lazy\" decoding=\"async\" class=\"breakdance-image-object\" src=\"https:\/\/breakdancelibrary.com\/agventure\/wp-content\/uploads\/sites\/48\/2023\/06\/testimonial1_agventure.png\" width=\"100\" height=\"99\" sizes=\"(max-width: 100px) 100vw, 100px\">\n            <\/div>\n            <\/div>\n\n\n\n    <div class='simple-testimonial__quote'>\n        <blockquote >\n            Sagittis tellus amet duis odio et eget mattis adipiscing vestibulum. Nunc et rhoncus ullamcorper purus orci arcu. Tellus pretium risus blandit a vitae. Iaculis massa aliquet.\n        <\/blockquote>\n\n        \n            \n            \n            \n            \n                                <svg class='simple-testimonial__quote-mark left-icon' xmlns=\"http:\/\/www.w3.org\/2000\/svg\" viewBox=\"0 0 200 200\">\n        <path d=\"M198 12h-71.794v85.606L168.527 187l27.206-13.636-37.031-89.394H198V12ZM71.794 12H0v85.606L42.32 187l27.962-13.636L32.496 83.97h39.298V12Z\" fill=\"currentColor\"\/>\n    <\/svg>\n    <svg class='simple-testimonial__quote-mark right-icon' xmlns=\"http:\/\/www.w3.org\/2000\/svg\" viewBox=\"0 0 200 200\">\n        <path d=\"M198 12h-71.794v85.606L168.527 187l27.206-13.636-37.031-89.394H198V12ZM71.794 12H0v85.606L42.32 187l27.962-13.636L32.496 83.97h39.298V12Z\" fill=\"currentColor\"\/>\n    <\/svg>\n\n            \n        \n    <\/div>\n\n\n    <div class='simple-testimonial__author' >\n        Genelia Christopher | CEO\n    <\/div>\n\n\n\n\n<\/div>\n<\/div>\n<\/div><div class=\"bde-advancedslide-274-136 bde-advancedslide swiper-slide\">\n<div class=\"advanced-slider__slide\">\n  <div class=\"bde-simple-testimonial-274-137 bde-simple-testimonial\">\n\n\n\n    \n        \n    <div class='simple-testimonial__image-outer-wrapper simple-testimonial__standard-image'>\n                    <div class='simple-testimonial__image-inner-wrapper'>\n                <img loading=\"lazy\" decoding=\"async\" class=\"breakdance-image-object\" src=\"https:\/\/breakdancelibrary.com\/agventure\/wp-content\/uploads\/sites\/48\/2023\/06\/testimonial1_agventure.png\" width=\"100\" height=\"99\" sizes=\"(max-width: 100px) 100vw, 100px\">\n            <\/div>\n            <\/div>\n\n\n\n    <div class='simple-testimonial__quote'>\n        <blockquote >\n            Sagittis tellus amet duis odio et eget mattis adipiscing vestibulum. Nunc et rhoncus ullamcorper purus orci arcu. Tellus pretium risus blandit a vitae. Iaculis massa aliquet.\n        <\/blockquote>\n\n        \n            \n            \n            \n            \n                                <svg class='simple-testimonial__quote-mark left-icon' xmlns=\"http:\/\/www.w3.org\/2000\/svg\" viewBox=\"0 0 200 200\">\n        <path d=\"M198 12h-71.794v85.606L168.527 187l27.206-13.636-37.031-89.394H198V12ZM71.794 12H0v85.606L42.32 187l27.962-13.636L32.496 83.97h39.298V12Z\" fill=\"currentColor\"\/>\n    <\/svg>\n    <svg class='simple-testimonial__quote-mark right-icon' xmlns=\"http:\/\/www.w3.org\/2000\/svg\" viewBox=\"0 0 200 200\">\n        <path d=\"M198 12h-71.794v85.606L168.527 187l27.206-13.636-37.031-89.394H198V12ZM71.794 12H0v85.606L42.32 187l27.962-13.636L32.496 83.97h39.298V12Z\" fill=\"currentColor\"\/>\n    <\/svg>\n\n            \n        \n    <\/div>\n\n\n    <div class='simple-testimonial__author' >\n        Genelia Christopher | CEO\n    <\/div>\n\n\n\n\n<\/div>\n<\/div>\n<\/div><div class=\"bde-advancedslide-274-138 bde-advancedslide swiper-slide\">\n<div class=\"advanced-slider__slide\">\n  <div class=\"bde-simple-testimonial-274-139 bde-simple-testimonial\">\n\n\n\n    \n        \n    <div class='simple-testimonial__image-outer-wrapper simple-testimonial__standard-image'>\n                    <div class='simple-testimonial__image-inner-wrapper'>\n                <img loading=\"lazy\" decoding=\"async\" class=\"breakdance-image-object\" src=\"https:\/\/breakdancelibrary.com\/agventure\/wp-content\/uploads\/sites\/48\/2023\/06\/testimonial1_agventure.png\" width=\"100\" height=\"99\" sizes=\"(max-width: 100px) 100vw, 100px\">\n            <\/div>\n            <\/div>\n\n\n\n    <div class='simple-testimonial__quote'>\n        <blockquote >\n            Sagittis tellus amet duis odio et eget mattis adipiscing vestibulum. Nunc et rhoncus ullamcorper purus orci arcu. Tellus pretium risus blandit a vitae. Iaculis massa aliquet.\n        <\/blockquote>\n\n        \n            \n            \n            \n            \n                                <svg class='simple-testimonial__quote-mark left-icon' xmlns=\"http:\/\/www.w3.org\/2000\/svg\" viewBox=\"0 0 200 200\">\n        <path d=\"M198 12h-71.794v85.606L168.527 187l27.206-13.636-37.031-89.394H198V12ZM71.794 12H0v85.606L42.32 187l27.962-13.636L32.496 83.97h39.298V12Z\" fill=\"currentColor\"\/>\n    <\/svg>\n    <svg class='simple-testimonial__quote-mark right-icon' xmlns=\"http:\/\/www.w3.org\/2000\/svg\" viewBox=\"0 0 200 200\">\n        <path d=\"M198 12h-71.794v85.606L168.527 187l27.206-13.636-37.031-89.394H198V12ZM71.794 12H0v85.606L42.32 187l27.962-13.636L32.496 83.97h39.298V12Z\" fill=\"currentColor\"\/>\n    <\/svg>\n\n            \n        \n    <\/div>\n\n\n    <div class='simple-testimonial__author' >\n        Genelia Christopher | CEO\n    <\/div>\n\n\n\n\n<\/div>\n<\/div>\n<\/div>\n    <\/div>\n  <\/div>\n\n              <div class=\"swiper-button-prev\">\n            <svg xmlns=\"http:\/\/www.w3.org\/2000\/svg\" viewBox=\"0 0 448 512\"><!-- Font Awesome Free 5.15.1 by @fontawesome - https:\/\/fontawesome.com License - https:\/\/fontawesome.com\/license\/free (Icons: CC BY 4.0, Fonts: SIL OFL 1.1, Code: MIT License) --><path d=\"M257.5 445.1l-22.2 22.2c-9.4 9.4-24.6 9.4-33.9 0L7 273c-9.4-9.4-9.4-24.6 0-33.9L201.4 44.7c9.4-9.4 24.6-9.4 33.9 0l22.2 22.2c9.5 9.5 9.3 25-.4 34.3L136.6 216H424c13.3 0 24 10.7 24 24v32c0 13.3-10.7 24-24 24H136.6l120.5 114.8c9.8 9.3 10 24.8.4 34.3z\"\/><\/svg>\n        <\/div>\n        <div class=\"swiper-button-next\">\n            <svg xmlns=\"http:\/\/www.w3.org\/2000\/svg\" viewBox=\"0 0 448 512\"><!-- Font Awesome Free 5.15.1 by @fontawesome - https:\/\/fontawesome.com License - https:\/\/fontawesome.com\/license\/free (Icons: CC BY 4.0, Fonts: SIL OFL 1.1, Code: MIT License) --><path d=\"M190.5 66.9l22.2-22.2c9.4-9.4 24.6-9.4 33.9 0L441 239c9.4 9.4 9.4 24.6 0 33.9L246.6 467.3c-9.4 9.4-24.6 9.4-33.9 0l-22.2-22.2c-9.5-9.5-9.3-25 .4-34.3L311.4 296H24c-13.3 0-24-10.7-24-24v-32c0-13.3 10.7-24 24-24h287.4L190.9 101.2c-9.8-9.3-10-24.8-.4-34.3z\"\/><\/svg>\n        <\/div>\n    \n    \n<\/div>\n\n<\/div><\/div>\n<\/section><section class=\"bde-section-274-140 bde-section\">\n              \n  \n\t\n\n  <div class=\"section-background-overlay\"><\/div>\n\n\n<div class=\"section-container\"><div class=\"bde-masker-274-141 bde-masker\"><div class=\"bde-div-274-142 bde-div\">\n  \n\t\n\n\n\n<h2 class=\"bde-heading-274-143 bde-heading\">\nO seu sonho espera por si.\n<\/h2>\n<\/div>\r\n<\/div><\/div>\n<\/section><section class=\"bde-section-274-144 bde-section\">\n  \n\t\n\n\n\n<div class=\"section-container\"><div class=\"bde-columns-274-145 bde-columns\"><div class=\"bde-column-274-146 bde-column\">\n  \n\t\n\n\n\n<div class=\"bde-image-274-147 bde-image\">\n<figure class=\"breakdance-image breakdance-image--27\">\n\t<div class=\"breakdance-image-container\">\n\t\t<div class=\"breakdance-image-clip\"><img loading=\"lazy\" decoding=\"async\" class=\"breakdance-image-object\" src=\"https:\/\/lsf.sojistudio.com\/wp-content\/uploads\/2024\/06\/casa.jpeg\" width=\"1920\" height=\"1080\" srcset=\"https:\/\/lsf.sojistudio.com\/wp-content\/uploads\/2024\/06\/casa.jpeg 1920w, https:\/\/lsf.sojistudio.com\/wp-content\/uploads\/2024\/06\/casa-300x169.jpeg 300w, https:\/\/lsf.sojistudio.com\/wp-content\/uploads\/2024\/06\/casa-1024x576.jpeg 1024w, https:\/\/lsf.sojistudio.com\/wp-content\/uploads\/2024\/06\/casa-768x432.jpeg 768w, https:\/\/lsf.sojistudio.com\/wp-content\/uploads\/2024\/06\/casa-1536x864.jpeg 1536w\" sizes=\"(max-width: 1920px) 100vw, 1920px\"><\/div>\n\t<\/div><\/figure>\n\n<\/div>\n<\/div><div class=\"bde-column-274-148 bde-column\">\n  \n\t\n\n\n\n<div class=\"bde-text-274-149 bde-text\">\nProjetos Com Qualidade\n<\/div><h2 class=\"bde-heading-274-150 bde-heading\">\nCada projeto reflete o nosso gosto pela qualidade\n<\/h2><div class=\"bde-text-274-151 bde-text\">\nNa Lusosuaz Factory, combinamos inova\u00e7\u00e3o e excel\u00eancia em cada detalhe. Com um compromisso inabal\u00e1vel com a qualidade, transformamos suas vis\u00f5es em realidade. O nosso portf\u00f3lio variado abrange desde constru\u00e7\u00f5es modernas at\u00e9 remodela\u00e7\u00f5es que valorizam e revitalizam espa\u00e7os.\n<\/div><div class=\"bde-button-274-152 bde-button\">\n    \n                                    \n    \n    \n    \n    \n            \n                    \n            \n            \n\n    \n    \n    \n    \n    \n    <a class=\"breakdance-link button-atom button-atom--primary bde-button__button\" href=\"\/projetos\/\" target=\"_self\" data-type=\"url\"  >\n\n    \n        <span class=\"button-atom__text\">mais projetos<\/span>\n\n        \n        \n                <\/a>\n\n    \n\n\n<\/div>\n<\/div><\/div><\/div>\n<\/section><section class=\"bde-section-274-153 bde-section\">\n              \n  \n\t\n\n  <div class=\"section-background-overlay\"><\/div>\n\n\n<div class=\"section-container\"><div class=\"bde-columns-274-154 bde-columns\"><div class=\"bde-column-274-155 bde-column\">\n  \n\t\n\n\n\n<div class=\"bde-text-274-156 bde-text\">\nContacte-nos\n<\/div><h2 class=\"bde-heading-274-157 bde-heading\">\nTem alguma quest\u00e3o? Entre em contacto!\n<\/h2><div class=\"bde-text-274-158 bde-text\">\nEstamos aqui para ajudar. Se tiver alguma d\u00favida ou precisar de mais informa\u00e7\u00f5es sobre os nossos servi\u00e7os, n\u00e3o hesite em entrar em contacto connosco. <br><br>A nossa equipa est\u00e1 pronta para responder \u00e0s suas quest\u00f5es e oferecer o suporte necess\u00e1rio.\n<\/div><div class=\"bde-button-274-159 bde-button\">\n    \n                                    \n    \n    \n    \n    \n            \n                    \n            \n            \n\n    \n    \n    \n    \n    \n    <a class=\"breakdance-link button-atom button-atom--secondary bde-button__button\" href=\"\/contatos\/\" target=\"_self\" data-type=\"url\"  >\n\n    \n        <span class=\"button-atom__text\">Contactos<\/span>\n\n        \n        \n                <\/a>\n\n    \n\n\n<\/div>\n<\/div><div class=\"bde-column-274-160 bde-column\">\n  \n\t\n\n\n\n<div class=\"bde-form-builder-274-161 bde-form-builder\">\n\n\n<form id=\"contact-form161\" class=\"breakdance-form breakdance-form--vertical \" data-options=\"{&quot;slug&quot;:&quot;custom&quot;,&quot;name&quot;:&quot;Contact Form&quot;,&quot;ajaxUrl&quot;:&quot;https:\\\/\\\/lsf.sojistudio.com\\\/wp-admin\\\/admin-ajax.php&quot;,&quot;clearOnSuccess&quot;:true,&quot;hideOnSuccess&quot;:false,&quot;successMessage&quot;:&quot;Enviado!&quot;,&quot;errorMessage&quot;:&quot;Aconteceu algum erro...&quot;,&quot;redirect&quot;:false,&quot;redirectUrl&quot;:&quot;&quot;,&quot;customJavaScript&quot;:&quot;&quot;,&quot;recaptcha&quot;:{&quot;key&quot;:&quot;&quot;,&quot;enabled&quot;:false},&quot;honeypot_enabled&quot;:false,&quot;popupsOnSuccess&quot;:[],&quot;popupsOnError&quot;:[]}\" data-steps=\"0\" >\n  \n  \n  \n<div class=\"breakdance-form-field breakdance-form-field--text\" >\n    \n    \n            <label class=\"breakdance-form-field__label\" for=\"name\">\n            Nome<span class=\"breakdance-form-field__required\">*<\/span>\n        <\/label>\n    \n    <input\n    class=\"breakdance-form-field__input\"\n    id=\"name\"\n    aria-describedby=\"name\"\n    type=\"text\"\n    name=\"fields[name]\"\n    placeholder=\"Nome\"\n    value=\"\"\n                \n        \n        \n    required\n    \n    \n>\n\n\n    \n    \n<\/div>\n\n\n<div class=\"breakdance-form-field breakdance-form-field--email\" >\n    \n    \n            <label class=\"breakdance-form-field__label\" for=\"email\">\n            Email<span class=\"breakdance-form-field__required\">*<\/span>\n        <\/label>\n    \n    <input\n    class=\"breakdance-form-field__input\"\n    id=\"email\"\n    aria-describedby=\"email\"\n    type=\"email\"\n    name=\"fields[email]\"\n    placeholder=\"Email\"\n    value=\"\"\n                \n        \n        \n    required\n    \n    \n>\n\n\n    \n    \n<\/div>\n\n\n<div class=\"breakdance-form-field breakdance-form-field--tel\" >\n    \n    \n            <label class=\"breakdance-form-field__label\" for=\"ctngyc\">\n            Contacto Telef\u00f3nico\n        <\/label>\n    \n    <input\n    class=\"breakdance-form-field__input\"\n    id=\"ctngyc\"\n    aria-describedby=\"ctngyc\"\n    type=\"tel\"\n    name=\"fields[ctngyc]\"\n    placeholder=\"Contacto Telef\u00f3nico\"\n    value=\"\"\n                \n        \n        \n    \n    \n    \n>\n\n\n    \n    \n<\/div>\n\n\n<div class=\"breakdance-form-field breakdance-form-field--textarea\" >\n    \n    \n            <label class=\"breakdance-form-field__label\" for=\"message\">\n            Mensagem<span class=\"breakdance-form-field__required\">*<\/span>\n        <\/label>\n    \n    <textarea\n    class=\"breakdance-form-field__input\"\n    id=\"message\"\n    aria-describedby=\"message\"\n    type=\"textarea\"\n    name=\"fields[message]\"\n        placeholder=\"A sua mensagem\"\n    required\n    >\n<\/textarea>\n\n\n    \n    \n<\/div>\n\n\n  \n\n<div class=\"breakdance-form-field breakdance-form-footer\">\n    \n    \n                                    \n    \n    \n    \n    \n            \n            <button type=\"submit\" class=\"button-atom button-atom--primary breakdance-form-button breakdance-form-button__submit\"  >\n    \n        <span class=\"button-atom__text\">Enviar Mensagem<\/span>\n\n        \n        \n            <\/button>\n    \n    <input type=\"hidden\" name=\"form_id\" value=\"161\">\n    <input type=\"hidden\" name=\"post_id\" value=\"274\">\n<\/div>\n\n  \n<\/form>\n\n\n\n<\/div>\n<\/div><\/div><\/div>\n<\/section>","protected":false},"excerpt":{"rendered":"<p>Uzmanl\u0131k ve Yenilikle Gelece\u011fi \u0130n\u015fa Etmek! Descubra a ess\u00eancia da inova\u00e7\u00e3o na constru\u00e7\u00e3o com a Lusosuaz Factory. Oferecemos uma ampla gama de servi\u00e7os que transformam o cen\u00e1rio da constru\u00e7\u00e3o, desde o desenvolvimento meticuloso de projetos at\u00e9 \u00e0 instala\u00e7\u00e3o impec\u00e1vel de estruturas e solu\u00e7\u00f5es interiores. Descubra Mais + projetos desenvolvidos % tempo de constru\u00e7\u00e3o % satisfa\u00e7\u00e3o [&hellip;]<\/p>\n","protected":false},"author":1,"featured_media":0,"parent":0,"menu_order":0,"comment_status":"closed","ping_status":"closed","template":"","meta":{"_acf_changed":false,"_locale":"tr_TR","_original_post":"https:\/\/lsf.sojistudio.com\/?page_id=14","_breakdance_hide_in_design_set":false,"_breakdance_tags":"","footnotes":""},"class_list":["post-274","page","type-page","status-publish","hentry","tr-TR"],"acf":[],"_links":{"self":[{"href":"https:\/\/lsf.sojistudio.com\/wp-json\/wp\/v2\/pages\/274"}],"collection":[{"href":"https:\/\/lsf.sojistudio.com\/wp-json\/wp\/v2\/pages"}],"about":[{"href":"https:\/\/lsf.sojistudio.com\/wp-json\/wp\/v2\/types\/page"}],"author":[{"embeddable":true,"href":"https:\/\/lsf.sojistudio.com\/wp-json\/wp\/v2\/users\/1"}],"replies":[{"embeddable":true,"href":"https:\/\/lsf.sojistudio.com\/wp-json\/wp\/v2\/comments?post=274"}],"version-history":[{"count":4,"href":"https:\/\/lsf.sojistudio.com\/wp-json\/wp\/v2\/pages\/274\/revisions"}],"predecessor-version":[{"id":278,"href":"https:\/\/lsf.sojistudio.com\/wp-json\/wp\/v2\/pages\/274\/revisions\/278"}],"wp:attachment":[{"href":"https:\/\/lsf.sojistudio.com\/wp-json\/wp\/v2\/media?parent=274"}],"curies":[{"name":"wp","href":"https:\/\/api.w.org\/{rel}","templated":true}]}}